{"id":579,"date":"2021-04-13T21:13:24","date_gmt":"2021-04-13T21:13:24","guid":{"rendered":"https:\/\/startersites.io\/blocksy\/homi\/?post_type=product&#038;p=579"},"modified":"2026-04-10T21:09:00","modified_gmt":"2026-04-10T21:09:00","slug":"aroma-montealegre-edicion-folclorica-del-huila","status":"publish","type":"product","link":"https:\/\/aromamontealegre.com\/en\/product\/aroma-montealegre-edicion-folclorica-del-huila\/","title":{"rendered":"Aroma Montealegre \u2013 Folk Edition of Huila"},"content":{"rendered":"<p data-start=\"290\" data-end=\"333\">Una nueva imagen que honra nuestras ra\u00edces.\u00a0Presentamos con orgullo el nuevo empaque de <strong data-start=\"379\" data-end=\"407\">Aroma Montealegre Coffee<\/strong>, inspirado en la cultura, el folclor y la tradici\u00f3n cafetera del Huila \ud83c\udde8\ud83c\uddf4. Esta edici\u00f3n especial celebra el esp\u00edritu de nuestra tierra, donde la m\u00fasica, la danza y el caf\u00e9 se unen para ofrecer una experiencia aut\u00e9ntica en cada taza.<\/p>\n<p data-start=\"646\" data-end=\"784\">Cultivado en las monta\u00f1as de <strong data-start=\"675\" data-end=\"694\">La Plata, Huila<\/strong>, este caf\u00e9 representa el trabajo, la pasi\u00f3n y el orgullo de los caficultores colombianos.\u00a0Cada sorbo es un homenaje al sabor de nuestra tierra y al ritmo del folclor colombiano.<\/p>\n<h3 data-section-id=\"17yn8px\" data-start=\"880\" data-end=\"899\">Caracter\u00edsticas<\/h3>\n<p data-start=\"901\" data-end=\"1076\">\u2615 <strong data-start=\"903\" data-end=\"932\">100% caf\u00e9 de alta calidad<\/strong><br data-start=\"932\" data-end=\"935\" \/>\ud83c\udf04 <strong data-start=\"938\" data-end=\"973\">Caf\u00e9 de origen Huila \u2013 La Plata<\/strong><br data-start=\"973\" data-end=\"976\" \/>\ud83c\udf31 <strong data-start=\"979\" data-end=\"1015\">Cultivado con pasi\u00f3n y tradici\u00f3n<\/strong><br data-start=\"1015\" data-end=\"1018\" \/>\ud83c\udfb6 <strong data-start=\"1021\" data-end=\"1076\">Edici\u00f3n especial inspirada en el folclor colombiano<\/strong><\/p>\n<h3 data-section-id=\"14mc19\" data-start=\"1083\" data-end=\"1101\">Perfil de taza<\/h3>\n<p data-start=\"1103\" data-end=\"1205\">Aroma: intenso y agradable<br data-start=\"1129\" data-end=\"1132\" \/>Sabor: balanceado y suave<br data-start=\"1157\" data-end=\"1160\" \/>Cuerpo: medio<br data-start=\"1173\" data-end=\"1176\" \/>Notas: achocolatadas y dulces<\/p>\n<hr data-start=\"1207\" data-end=\"1210\" \/>\n<h3 data-section-id=\"5n2hkp\" data-start=\"1212\" data-end=\"1225\">Contenido<\/h3>\n<p data-start=\"1227\" data-end=\"1268\">250 gramos<br data-start=\"1237\" data-end=\"1240\" \/>Caf\u00e9 molido \/ tosti\u00f3n fresca<\/p>\n<p data-start=\"1297\" data-end=\"1356\"><strong data-start=\"1297\" data-end=\"1356\">Disfr\u00fatalo y siente el ritmo de Colombia en cada sorbo.<\/strong><\/p>","protected":false},"excerpt":{"rendered":"<p data-start=\"146\" data-end=\"329\">Caf\u00e9 de origen <strong data-start=\"161\" data-end=\"180\">La Plata, Huila<\/strong>, cultivado con pasi\u00f3n y tradici\u00f3n. Aroma Montealegre ofrece un sabor aut\u00e9ntico que refleja la riqueza cafetera y el folclor colombiano en cada taza.<\/p>\n<p data-start=\"349\" data-end=\"500\">Disfruta el sabor del verdadero caf\u00e9 huilense. <strong data-start=\"396\" data-end=\"417\">Alps Montealegre<\/strong> es un caf\u00e9 de alta calidad inspirado en la cultura y el folclor de nuestra tierra.<\/p>","protected":false},"featured_media":712,"comment_status":"open","ping_status":"closed","template":"","meta":[],"product_brand":[],"product_cat":[23],"product_tag":[],"class_list":{"0":"post-579","1":"product","2":"type-product","3":"status-publish","4":"has-post-thumbnail","6":"product_cat-cafe-molido","8":"first","9":"instock","10":"shipping-taxable","11":"purchasable","12":"product-type-simple"},"_links":{"self":[{"href":"https:\/\/aromamontealegre.com\/en\/wp-json\/wp\/v2\/product\/579","targetHints":{"allow":["GET"]}}],"collection":[{"href":"https:\/\/aromamontealegre.com\/en\/wp-json\/wp\/v2\/product"}],"about":[{"href":"https:\/\/aromamontealegre.com\/en\/wp-json\/wp\/v2\/types\/product"}],"replies":[{"embeddable":true,"href":"https:\/\/aromamontealegre.com\/en\/wp-json\/wp\/v2\/comments?post=579"}],"wp:featuredmedia":[{"embeddable":true,"href":"https:\/\/aromamontealegre.com\/en\/wp-json\/wp\/v2\/media\/712"}],"wp:attachment":[{"href":"https:\/\/aromamontealegre.com\/en\/wp-json\/wp\/v2\/media?parent=579"}],"wp:term":[{"taxonomy":"product_brand","embeddable":true,"href":"https:\/\/aromamontealegre.com\/en\/wp-json\/wp\/v2\/product_brand?post=579"},{"taxonomy":"product_cat","embeddable":true,"href":"https:\/\/aromamontealegre.com\/en\/wp-json\/wp\/v2\/product_cat?post=579"},{"taxonomy":"product_tag","embeddable":true,"href":"https:\/\/aromamontealegre.com\/en\/wp-json\/wp\/v2\/product_tag?post=579"}],"curies":[{"name":"wp","href":"https:\/\/api.w.org\/{rel}","templated":true}]}}