{"id":718,"date":"2026-03-09T19:03:54","date_gmt":"2026-03-09T19:03:54","guid":{"rendered":"https:\/\/aromamontealegre.com\/?post_type=product&#038;p=718"},"modified":"2026-04-10T21:08:41","modified_gmt":"2026-04-10T21:08:41","slug":"cafe-aroma-montealegre-en-grano-250-g","status":"publish","type":"product","link":"https:\/\/aromamontealegre.com\/en\/product\/cafe-aroma-montealegre-en-grano-250-g\/","title":{"rendered":"Montealegre Aroma Coffee Beans - 250 g"},"content":{"rendered":"<p data-start=\"294\" data-end=\"500\">Caf\u00e9 100% huilense con aroma intenso y sabor equilibrado. Cultivado en las monta\u00f1as de La Plata, Huila, y tostado cuidadosamente para ofrecer una experiencia aut\u00e9ntica en cada taza.<\/p>\n<p data-start=\"502\" data-end=\"521\"><strong data-start=\"502\" data-end=\"521\">Caracter\u00edsticas<\/strong><\/p>\n<ul data-start=\"522\" data-end=\"636\">\n<li data-section-id=\"bbxbug\" data-start=\"522\" data-end=\"546\">\n<p data-start=\"524\" data-end=\"546\">100% caf\u00e9 colombiano<\/p>\n<\/li>\n<li data-section-id=\"gzrmey\" data-start=\"547\" data-end=\"574\">\n<p data-start=\"549\" data-end=\"574\">Origen: La Plata, Huila<\/p>\n<\/li>\n<li data-section-id=\"1p73v38\" data-start=\"575\" data-end=\"592\">\n<p data-start=\"577\" data-end=\"592\">Tosti\u00f3n media<\/p>\n<\/li>\n<li data-section-id=\"f1yfgd\" data-start=\"593\" data-end=\"636\">\n<p data-start=\"595\" data-end=\"636\">Ideal para cafetera tradicional o greca<\/p>\n<\/li>\n<\/ul>\n<h3 data-section-id=\"14mc19\" data-start=\"1083\" data-end=\"1101\">Perfil de taza<\/h3>\n<p data-start=\"1103\" data-end=\"1205\">Aroma: intenso y agradable<br data-start=\"1129\" data-end=\"1132\" \/>Sabor: balanceado y suave<br data-start=\"1157\" data-end=\"1160\" \/>Cuerpo: medio<br data-start=\"1173\" data-end=\"1176\" \/>Notas: achocolatadas y dulces<\/p>\n<hr data-start=\"1207\" data-end=\"1210\" \/>\n<h3 data-section-id=\"5n2hkp\" data-start=\"1212\" data-end=\"1225\">Contenido<\/h3>\n<p data-start=\"1227\" data-end=\"1268\">250 gramos<br data-start=\"1237\" data-end=\"1240\" \/>Caf\u00e9 molido \/ tosti\u00f3n fresca<\/p>\n<p data-start=\"1297\" data-end=\"1356\"><strong data-start=\"1297\" data-end=\"1356\">Disfr\u00fatalo y siente el ritmo de Colombia en cada sorbo.<\/strong><\/p>","protected":false},"excerpt":{"rendered":"<p data-start=\"146\" data-end=\"329\">Caf\u00e9 100% huilense con aroma intenso y sabor equilibrado. Cultivado en las monta\u00f1as de La Plata, Huila, y tostado cuidadosamente para ofrecer una experiencia aut\u00e9ntica en cada taza.<\/p>","protected":false},"featured_media":719,"comment_status":"open","ping_status":"closed","template":"","meta":[],"product_brand":[],"product_cat":[23],"product_tag":[],"class_list":{"0":"post-718","1":"product","2":"type-product","3":"status-publish","4":"has-post-thumbnail","6":"product_cat-cafe-molido","8":"first","9":"instock","10":"shipping-taxable","11":"purchasable","12":"product-type-simple"},"_links":{"self":[{"href":"https:\/\/aromamontealegre.com\/en\/wp-json\/wp\/v2\/product\/718","targetHints":{"allow":["GET"]}}],"collection":[{"href":"https:\/\/aromamontealegre.com\/en\/wp-json\/wp\/v2\/product"}],"about":[{"href":"https:\/\/aromamontealegre.com\/en\/wp-json\/wp\/v2\/types\/product"}],"replies":[{"embeddable":true,"href":"https:\/\/aromamontealegre.com\/en\/wp-json\/wp\/v2\/comments?post=718"}],"wp:featuredmedia":[{"embeddable":true,"href":"https:\/\/aromamontealegre.com\/en\/wp-json\/wp\/v2\/media\/719"}],"wp:attachment":[{"href":"https:\/\/aromamontealegre.com\/en\/wp-json\/wp\/v2\/media?parent=718"}],"wp:term":[{"taxonomy":"product_brand","embeddable":true,"href":"https:\/\/aromamontealegre.com\/en\/wp-json\/wp\/v2\/product_brand?post=718"},{"taxonomy":"product_cat","embeddable":true,"href":"https:\/\/aromamontealegre.com\/en\/wp-json\/wp\/v2\/product_cat?post=718"},{"taxonomy":"product_tag","embeddable":true,"href":"https:\/\/aromamontealegre.com\/en\/wp-json\/wp\/v2\/product_tag?post=718"}],"curies":[{"name":"wp","href":"https:\/\/api.w.org\/{rel}","templated":true}]}}