{"id":744,"date":"2026-03-09T19:56:00","date_gmt":"2026-03-09T19:56:00","guid":{"rendered":"https:\/\/aromamontealegre.com\/?post_type=product&#038;p=744"},"modified":"2026-04-10T21:13:40","modified_gmt":"2026-04-10T21:13:40","slug":"paquete-de-cafe-aroma-montealegre-premium-250-g","status":"publish","type":"product","link":"https:\/\/aromamontealegre.com\/en\/product\/paquete-de-cafe-aroma-montealegre-premium-250-g\/","title":{"rendered":"Montealegre Premium Aroma Coffee Pack \u2013 250 g"},"content":{"rendered":"<p data-start=\"718\" data-end=\"929\">Selecci\u00f3n especial de granos de alta calidad cultivados en las monta\u00f1as del Huila. Un caf\u00e9 con notas arom\u00e1ticas suaves y un perfil de sabor elegante para los verdaderos amantes del caf\u00e9.<\/p>\n<p data-start=\"931\" data-end=\"950\"><strong data-start=\"931\" data-end=\"950\">Caracter\u00edsticas<\/strong><\/p>\n<ul data-start=\"951\" data-end=\"1053\">\n<li data-section-id=\"f5d7fs\" data-start=\"951\" data-end=\"975\">\n<p data-start=\"953\" data-end=\"975\">Caf\u00e9 de especialidad<\/p>\n<\/li>\n<li data-section-id=\"1faid35\" data-start=\"976\" data-end=\"1007\">\n<p data-start=\"978\" data-end=\"1007\">Perfil arom\u00e1tico balanceado<\/p>\n<\/li>\n<li data-section-id=\"1qqcd9c\" data-start=\"1008\" data-end=\"1032\">\n<p data-start=\"1010\" data-end=\"1032\">Granos seleccionados<\/p>\n<\/li>\n<li data-section-id=\"7xiiqb\" data-start=\"1033\" data-end=\"1053\">\n<p data-start=\"1035\" data-end=\"1053\">Edici\u00f3n especial<\/p>\n<\/li>\n<\/ul>\n<h3 data-section-id=\"14mc19\" data-start=\"1083\" data-end=\"1101\">Perfil de taza<\/h3>\n<p data-start=\"1103\" data-end=\"1205\">Aroma: intenso y agradable<br data-start=\"1129\" data-end=\"1132\" \/>Sabor: balanceado y suave<br data-start=\"1157\" data-end=\"1160\" \/>Cuerpo: medio<br data-start=\"1173\" data-end=\"1176\" \/>Notas: achocolatadas y dulces<\/p>\n<hr data-start=\"1207\" data-end=\"1210\" \/>\n<h3 data-section-id=\"5n2hkp\" data-start=\"1212\" data-end=\"1225\">Contenido<\/h3>\n<p data-start=\"1227\" data-end=\"1268\">250 gramos<br data-start=\"1237\" data-end=\"1240\" \/>Caf\u00e9 molido \/ tosti\u00f3n fresca<\/p>\n<p data-start=\"1297\" data-end=\"1356\"><strong data-start=\"1297\" data-end=\"1356\">Disfr\u00fatalo y siente el ritmo de Colombia en cada sorbo.<\/strong><\/p>","protected":false},"excerpt":{"rendered":"<p data-start=\"146\" data-end=\"329\">Selecci\u00f3n especial de granos de alta calidad cultivados en las monta\u00f1as del Huila. Un caf\u00e9 con notas arom\u00e1ticas suaves y un perfil de sabor elegante para los verdaderos amantes del caf\u00e9.<\/p>","protected":false},"featured_media":714,"comment_status":"open","ping_status":"closed","template":"","meta":[],"product_brand":[],"product_cat":[24,23,25],"product_tag":[26],"class_list":{"0":"post-744","1":"product","2":"type-product","3":"status-publish","4":"has-post-thumbnail","6":"product_cat-cafe-en-grano","7":"product_cat-cafe-molido","8":"product_cat-cafe-premium","9":"product_tag-cafe-de-origen","11":"first","12":"instock","13":"shipping-taxable","14":"purchasable","15":"product-type-simple"},"_links":{"self":[{"href":"https:\/\/aromamontealegre.com\/en\/wp-json\/wp\/v2\/product\/744","targetHints":{"allow":["GET"]}}],"collection":[{"href":"https:\/\/aromamontealegre.com\/en\/wp-json\/wp\/v2\/product"}],"about":[{"href":"https:\/\/aromamontealegre.com\/en\/wp-json\/wp\/v2\/types\/product"}],"replies":[{"embeddable":true,"href":"https:\/\/aromamontealegre.com\/en\/wp-json\/wp\/v2\/comments?post=744"}],"wp:featuredmedia":[{"embeddable":true,"href":"https:\/\/aromamontealegre.com\/en\/wp-json\/wp\/v2\/media\/714"}],"wp:attachment":[{"href":"https:\/\/aromamontealegre.com\/en\/wp-json\/wp\/v2\/media?parent=744"}],"wp:term":[{"taxonomy":"product_brand","embeddable":true,"href":"https:\/\/aromamontealegre.com\/en\/wp-json\/wp\/v2\/product_brand?post=744"},{"taxonomy":"product_cat","embeddable":true,"href":"https:\/\/aromamontealegre.com\/en\/wp-json\/wp\/v2\/product_cat?post=744"},{"taxonomy":"product_tag","embeddable":true,"href":"https:\/\/aromamontealegre.com\/en\/wp-json\/wp\/v2\/product_tag?post=744"}],"curies":[{"name":"wp","href":"https:\/\/api.w.org\/{rel}","templated":true}]}}